{"id":203,"date":"2011-09-14T09:45:02","date_gmt":"2011-09-14T09:45:02","guid":{"rendered":"https:\/\/fmauru.org\/site\/"},"modified":"2019-09-24T15:18:02","modified_gmt":"2019-09-24T18:18:02","slug":"home","status":"publish","type":"page","link":"https:\/\/fmauru.org\/site\/","title":{"rendered":"Inicio"},"content":{"rendered":"<p>&nbsp;<br \/>\n<div id=\"metaslider-id-2134\" style=\"max-width: 1200px; margin: 0 auto;\" class=\"ml-slider-3-107-0 metaslider metaslider-nivo metaslider-2134 ml-slider watermark has-dots-nav ms-theme-default\" role=\"region\" aria-label=\"Principal\" data-height=\"450\" data-width=\"1200\">\n    <div id=\"metaslider_container_2134\">\n        <div class='slider-wrapper theme-default'><div class='ribbon'><\/div><div id='metaslider_2134' class='nivoSlider'><img loading=\"lazy\" decoding=\"async\" src=\"https:\/\/fmauru.org\/site\/wp-content\/uploads\/2017\/09\/2-1200x450.jpg\" height=\"450\" width=\"1200\" alt=\"\" class=\"slider-2134 slide-2653 msDefaultImage\" \/><a href=\"http:\/\/www.sdb.org\/es\/rettor-maggiore\/88-aguinaldos-rm\/1716-strenna-2019-presentazione-commento-video-poster\" target=\"_blank\"><img loading=\"lazy\" decoding=\"async\" src=\"https:\/\/fmauru.org\/site\/wp-content\/uploads\/2019\/01\/AGUINALDO-2019-min-1080x405.jpg\" height=\"450\" width=\"1200\" title=\"AGUINALDO-2019-min\" alt=\"\" class=\"slider-2134 slide-3082 msDefaultImage\" \/><\/a><img loading=\"lazy\" decoding=\"async\" src=\"https:\/\/fmauru.org\/site\/wp-content\/uploads\/2019\/10\/1231-1200x450.jpg\" height=\"450\" width=\"1200\" title=\"1231\" alt=\"\" class=\"slider-2134 slide-3130 msDefaultImage\" \/><\/div><\/div>\n        \n    <\/div>\n<\/div>\n<div class=\"row \">\n<p>&nbsp;<\/p>\n<div class=\"row \"><\/div><!-- .row (end) -->\n<div class=\"row-fluid \">\n<h2><\/h2>\n<ul class=\"posts-grid row-fluid unstyled  ul-item-0\"><li class=\"span4 list-item-1\"><figure class=\"featured-thumbnail thumbnail\"><a href=\"https:\/\/fmauru.org\/site\/wp-content\/uploads\/2019\/10\/Sin-t\u00edtulo-1.jpg\" title=\"S\u00ed para siempre&#8230;\" rel=\"prettyPhoto-1590064191[gallery0]\"><img decoding=\"async\" src=\"https:\/\/fmauru.org\/site\/wp-content\/uploads\/2019\/10\/Maria-250x250.jpg\" alt=\"S\u00ed para siempre&#8230;\" \/><span class=\"zoom-icon\"><\/span><\/a><\/figure><figure class=\"featured-thumbnail thumbnail\" style=\"display:none;\"><a href=\"https:\/\/fmauru.org\/site\/wp-content\/uploads\/2019\/10\/Maria.jpg\" title=\"S\u00ed para siempre&#8230;\" rel=\"prettyPhoto-1590064191[gallery0]\"><span class=\"zoom-icon\"><\/span><\/a><\/figure><div class=\"clear\"><\/div><h5><a href=\"https:\/\/fmauru.org\/site\/?p=3142\" title=\"S\u00ed para siempre&#8230;\">S\u00ed para siempre&#8230;<\/a><\/h5><p class=\"excerpt\">La Hna Vanessa D\u00e1vila dar\u00e1 su S\u00ed para siempre y estamos todos invitados a acompa\u00f1arla... Los esperamos el d\u00eda 9&hellip;<\/p><a href=\"https:\/\/fmauru.org\/site\/?p=3142\" class=\"btn btn-primary\" title=\"S\u00ed para siempre&#8230;\">Ver m\u00e1s<\/a><\/li><li class=\"span4 list-item-2\"><figure class=\"featured-thumbnail thumbnail\"><a href=\"https:\/\/fmauru.org\/site\/wp-content\/uploads\/2019\/01\/0054ccfda9f8d8bd13b7f7a0c6952797_XL.jpg\" title=\"Jornadas de la Familia Salesiana\" rel=\"prettyPhoto-1590064191[gallery1]\"><img decoding=\"async\" src=\"https:\/\/fmauru.org\/site\/wp-content\/uploads\/2019\/01\/5c19123246f43034e715b49327e428b2_XL-250x250.jpg\" alt=\"Jornadas de la Familia Salesiana\" \/><span class=\"zoom-icon\"><\/span><\/a><\/figure><figure class=\"featured-thumbnail thumbnail\" style=\"display:none;\"><a href=\"https:\/\/fmauru.org\/site\/wp-content\/uploads\/2019\/01\/5c19123246f43034e715b49327e428b2_XL.jpg\" title=\"Jornadas de la Familia Salesiana\" rel=\"prettyPhoto-1590064191[gallery1]\"><span class=\"zoom-icon\"><\/span><\/a><\/figure><div class=\"clear\"><\/div><h5><a href=\"https:\/\/fmauru.org\/site\/?p=3087\" title=\"Jornadas de la Familia Salesiana\">Jornadas de la Familia Salesiana<\/a><\/h5><p class=\"excerpt\">Desde el d\u00eda 10 al 13 de enero de 2019, se realizan en Valdocco, Italia, las XXXVII Jornadas de la&hellip;<\/p><a href=\"https:\/\/fmauru.org\/site\/?p=3087\" class=\"btn btn-primary\" title=\"Jornadas de la Familia Salesiana\">Ver m\u00e1s<\/a><\/li><li class=\"span4 list-item-3\"><figure class=\"featured-thumbnail thumbnail\"><a href=\"https:\/\/fmauru.org\/site\/wp-content\/uploads\/2018\/12\/Frases-54-1024x683.jpg\" title=\"Fiesta del Gracias!\" rel=\"prettyPhoto-1590064191[gallery2]\"><img decoding=\"async\" src=\"https:\/\/fmauru.org\/site\/wp-content\/uploads\/2018\/12\/Frases-54-1024x683-250x250.jpg\" alt=\"Fiesta del Gracias!\" \/><span class=\"zoom-icon\"><\/span><\/a><\/figure><div class=\"clear\"><\/div><h5><a href=\"https:\/\/fmauru.org\/site\/?p=3070\" title=\"Fiesta del Gracias!\">Fiesta del Gracias!<\/a><\/h5><p class=\"excerpt\">El domingo 2 de diciembre como comunidad provincial hemos celebrado la Fiesta de la Gratitud. La preparaci\u00f3n previa vivida en&hellip;<\/p><a href=\"https:\/\/fmauru.org\/site\/?p=3070\" class=\"btn btn-primary\" title=\"Fiesta del Gracias!\">Ver m\u00e1s<\/a><\/li><\/ul><!-- .posts-grid (end) -->\n<\/div> <!-- .row-fluid (end) -->\n<div class=\"hr\"><\/div><!-- .hr (end) -->\n<div class=\"carousel-wrap \"><div id=\"owl-carousel-69da0c121a7a8\" class=\"owl-carousel-post owl-carousel\" data-items=\"5\" data-auto-play=\"0\" data-nav=\"true\" data-pagination=\"true\"><div class=\"item format-standart item-list-0\"><div class=\"desc\"><time datetime=\"2019-11-21T11:33:06\">21 noviembre, 2019<\/time><h5><a href=\"https:\/\/fmauru.org\/site\/?p=3597\" title=\"HEREISTITLE\">HEREISTITLE<\/a><\/h5><p class=\"excerpt\">HEREISCONTENT<\/p><a href=\"https:\/\/fmauru.org\/site\/?p=3597\" class=\"btn btn-primary\" title=\"HEREISTITLE\">Ver<\/a><\/div><\/div><div class=\"item format-standart item-list-1\"><div class=\"desc\"><time datetime=\"2019-11-21T11:28:10\">21 noviembre, 2019<\/time><h5><a href=\"https:\/\/fmauru.org\/site\/?p=3596\" title=\"HEREISTITLE\">HEREISTITLE<\/a><\/h5><p class=\"excerpt\">HEREISCONTENT<\/p><a href=\"https:\/\/fmauru.org\/site\/?p=3596\" class=\"btn btn-primary\" title=\"HEREISTITLE\">Ver<\/a><\/div><\/div><div class=\"item format-standart item-list-2\"><div class=\"desc\"><time datetime=\"2019-11-21T11:23:05\">21 noviembre, 2019<\/time><h5><a href=\"https:\/\/fmauru.org\/site\/?p=3595\" title=\"HEREISTITLE\">HEREISTITLE<\/a><\/h5><p class=\"excerpt\">HEREISCONTENT<\/p><a href=\"https:\/\/fmauru.org\/site\/?p=3595\" class=\"btn btn-primary\" title=\"HEREISTITLE\">Ver<\/a><\/div><\/div><div class=\"item format-standart item-list-3\"><div class=\"desc\"><time datetime=\"2019-11-21T11:18:05\">21 noviembre, 2019<\/time><h5><a href=\"https:\/\/fmauru.org\/site\/?p=3594\" title=\"HEREISTITLE\">HEREISTITLE<\/a><\/h5><p class=\"excerpt\">HEREISCONTENT<\/p><a href=\"https:\/\/fmauru.org\/site\/?p=3594\" class=\"btn btn-primary\" title=\"HEREISTITLE\">Ver<\/a><\/div><\/div><div class=\"item format-standart item-list-4\"><div class=\"desc\"><time datetime=\"2019-11-21T11:18:05\">21 noviembre, 2019<\/time><h5><a href=\"https:\/\/fmauru.org\/site\/?p=3593\" title=\"HEREISTITLE\">HEREISTITLE<\/a><\/h5><p class=\"excerpt\">HEREISCONTENT<\/p><a href=\"https:\/\/fmauru.org\/site\/?p=3593\" class=\"btn btn-primary\" title=\"HEREISTITLE\">Ver<\/a><\/div><\/div><div class=\"item format-standart item-list-5\"><div class=\"desc\"><time datetime=\"2019-11-14T12:33:40\">14 noviembre, 2019<\/time><h5><a href=\"https:\/\/fmauru.org\/site\/?p=3157\" title=\"HEREISTITLE\">HEREISTITLE<\/a><\/h5><p class=\"excerpt\">HEREISCONTENT<\/p><a href=\"https:\/\/fmauru.org\/site\/?p=3157\" class=\"btn btn-primary\" title=\"HEREISTITLE\">Ver<\/a><\/div><\/div><div class=\"item format-standart item-list-6\"><div class=\"desc\"><time datetime=\"2019-11-14T12:33:39\">14 noviembre, 2019<\/time><h5><a href=\"https:\/\/fmauru.org\/site\/?p=3156\" title=\"HEREISTITLE\">HEREISTITLE<\/a><\/h5><p class=\"excerpt\">HEREISCONTENT<\/p><a href=\"https:\/\/fmauru.org\/site\/?p=3156\" class=\"btn btn-primary\" title=\"HEREISTITLE\">Ver<\/a><\/div><\/div><div class=\"item format-standart item-list-7\"><div class=\"desc\"><time datetime=\"2019-11-14T12:33:38\">14 noviembre, 2019<\/time><h5><a href=\"https:\/\/fmauru.org\/site\/?p=3155\" title=\"HEREISTITLE\">HEREISTITLE<\/a><\/h5><p class=\"excerpt\">HEREISCONTENT<\/p><a href=\"https:\/\/fmauru.org\/site\/?p=3155\" class=\"btn btn-primary\" title=\"HEREISTITLE\">Ver<\/a><\/div><\/div><div class=\"item format-standart item-list-8\"><div class=\"desc\"><time datetime=\"2019-11-14T12:33:35\">14 noviembre, 2019<\/time><h5><a href=\"https:\/\/fmauru.org\/site\/?p=3154\" title=\"HEREISTITLE\">HEREISTITLE<\/a><\/h5><p class=\"excerpt\">HEREISCONTENT<\/p><a href=\"https:\/\/fmauru.org\/site\/?p=3154\" class=\"btn btn-primary\" title=\"HEREISTITLE\">Ver<\/a><\/div><\/div><div class=\"item format-standart item-list-9\"><div class=\"desc\"><time datetime=\"2019-11-14T12:33:34\">14 noviembre, 2019<\/time><h5><a href=\"https:\/\/fmauru.org\/site\/?p=3153\" title=\"HEREISTITLE\">HEREISTITLE<\/a><\/h5><p class=\"excerpt\">HEREISCONTENT<\/p><a href=\"https:\/\/fmauru.org\/site\/?p=3153\" class=\"btn btn-primary\" title=\"HEREISTITLE\">Ver<\/a><\/div><\/div><\/div><\/div>\n<p>&nbsp;<\/p>\n<div class=\"span6 \"><div id=\"metaslider-id-2396\" style=\"width: 100%; margin: 0 auto;\" class=\"ml-slider-3-107-0 metaslider metaslider-flex metaslider-2396 ml-slider has-dots-nav ms-theme-default\" role=\"region\" aria-label=\"peque\u00f1o\" data-height=\"300\" data-width=\"500\">\n    <div id=\"metaslider_container_2396\">\n        <div id=\"metaslider_2396\" class=\"flexslider\">\n            <ul class='slides'>\n                <li style=\"display: block; width: 100%;\" class=\"slide-3042 ms-image \" aria-roledescription=\"slide\" data-date=\"2018-08-12 01:46:40\" data-filename=\"210180_169461983178329_1593118708_o-500x300.jpg\" data-slide-type=\"image\"><a href=\"https:\/\/www.omp.es\/\" target=\"_blank\" aria-label=\"Ver detalles de la diapositiva\" class=\"metaslider_image_link\"><img loading=\"lazy\" decoding=\"async\" src=\"https:\/\/fmauru.org\/site\/wp-content\/uploads\/2018\/08\/210180_169461983178329_1593118708_o-500x300.jpg\" height=\"300\" width=\"500\" alt=\"\" class=\"slider-2396 slide-3042 msDefaultImage\" title=\"210180_169461983178329_1593118708_o\" \/><\/a><\/li>\n                <li style=\"display: none; width: 100%;\" class=\"slide-3084 ms-image \" aria-roledescription=\"slide\" data-date=\"2019-01-03 18:57:21\" data-filename=\"c852cd1706018952eef5203293178d22_XL-500x300.jpg\" data-slide-type=\"image\"><a href=\"http:\/\/www.sdb.org\/es\/rettor-maggiore\/88-aguinaldos-rm\/1716-strenna-2019-presentazione-commento-video-poster\" target=\"_blank\" aria-label=\"Ver detalles de la diapositiva\" class=\"metaslider_image_link\"><img loading=\"lazy\" decoding=\"async\" src=\"https:\/\/fmauru.org\/site\/wp-content\/uploads\/2019\/01\/c852cd1706018952eef5203293178d22_XL-500x300.jpg\" height=\"300\" width=\"500\" alt=\"\" class=\"slider-2396 slide-3084 msDefaultImage\" title=\"c852cd1706018952eef5203293178d22_XL\" \/><\/a><\/li>\n                <li style=\"display: none; width: 100%;\" class=\"slide-3139 ms-image \" aria-roledescription=\"slide\" data-date=\"2019-10-22 22:33:43\" data-filename=\"D-G2GMXWkAAnEdf-500x300.jpg\" data-slide-type=\"image\"><a href=\"http:\/\/www.sinodoamazonico.va\/content\/sinodoamazonico\/es.html\" target=\"_blank\" aria-label=\"Ver detalles de la diapositiva\" class=\"metaslider_image_link\"><img loading=\"lazy\" decoding=\"async\" src=\"https:\/\/fmauru.org\/site\/wp-content\/uploads\/2019\/10\/D-G2GMXWkAAnEdf-500x300.jpg\" height=\"300\" width=\"500\" alt=\"\" class=\"slider-2396 slide-3139 msDefaultImage\" title=\"D-G2GMXWkAAnEdf\" \/><\/a><\/li>\n            <\/ul>\n        <\/div>\n        \n    <\/div>\n<\/div><\/div>\n<div class=\"span6 \"><iframe loading=\"lazy\"  id=\"_ytid_77609\"  width=\"604\" height=\"340\"  data-origwidth=\"604\" data-origheight=\"340\" src=\"https:\/\/www.youtube.com\/embed\/lWwjMhwAEWE?enablejsapi=1&autoplay=0&cc_load_policy=0&cc_lang_pref=&iv_load_policy=1&loop=0&rel=1&fs=1&playsinline=0&autohide=2&theme=dark&color=red&controls=1&disablekb=0&\" class=\"__youtube_prefs__  no-lazyload\" title=\"YouTube player\"  allow=\"fullscreen; accelerometer; autoplay; clipboard-write; encrypted-media; gyroscope; picture-in-picture; web-share\" referrerpolicy=\"strict-origin-when-cross-origin\" allowfullscreen data-no-lazy=\"1\" data-skipgform_ajax_framebjll=\"\"><\/iframe><\/div>\n<p>&nbsp;<\/p>\n<\/div><!-- .row (end) -->\n<h2><\/h2>\n<div class=\"row \">\n<h2><\/h2>\n<div class=\"span4 \"><section class=\"lazy-load-box trigger effect-slidefromleft \" data-delay=\"200\" data-speed=\"900\" style=\"-webkit-transition: all 900ms ease; -moz-transition: all 900ms ease; -ms-transition: all 900ms ease; -o-transition: all 900ms ease; transition: all 900ms ease;\"><div class=\"banner-wrap \"><figure class=\"featured-thumbnail\"><a href=\"http:\/\/www.donbosco.org.ar\/evangelio_del_dia_detalle.php\" title=\"Palabra del d\u00eda\"><img decoding=\"async\" src=\"http:\/\/fmauru.org\/site\/wp-content\/uploads\/2017\/07\/bg-liturgia.jpg\" title=\"Palabra del d\u00eda\" alt=\"\" \/><\/a><\/figure><h5>Palabra del d\u00eda<\/h5><p>Puedes acceder aqu\u00ed, al sitio donde encontrar\u00e1s, la Palabra para cada d\u00eda del a\u00f1o.<\/p><div class=\"link-align banner-btn\"><a href=\"http:\/\/www.donbosco.org.ar\/evangelio_del_dia_detalle.php\" title=\"Acceder\" class=\"btn btn-link\" target=\"_blank\">Acceder<\/a><\/div><\/div><!-- .banner-wrap (end) -->\n<\/section><\/div><div class=\"span4 \"><section class=\"lazy-load-box trigger effect-slideup \" data-delay=\"200\" data-speed=\"900\" style=\"-webkit-transition: all 900ms ease; -moz-transition: all 900ms ease; -ms-transition: all 900ms ease; -o-transition: all 900ms ease; transition: all 900ms ease;\"><div class=\"banner-wrap \"><figure class=\"featured-thumbnail\"><a href=\"http:\/\/www.es.catholic.net\/op\/santoral\/santoral.html\" title=\"Santo del d\u00eda\"><img decoding=\"async\" src=\"http:\/\/fmauru.org\/site\/wp-content\/uploads\/2017\/07\/sant.jpg\" title=\"Santo del d\u00eda\" alt=\"\" \/><\/a><\/figure><h5>Santo del d\u00eda<\/h5><p>El santoral es el conjunto de las personas veneradas en la Iglesia cat\u00f3lica como santos o beatos en una fecha del calendario determinada. Debido a la canonizaci\u00f3n de personas a lo largo de los siglos, todos los d\u00edas del a\u00f1o conmemoran al menos un santo.<\/p><div class=\"link-align banner-btn\"><a href=\"http:\/\/www.es.catholic.net\/op\/santoral\/santoral.html\" title=\"Acceder\" class=\"btn btn-link\" target=\"_blanck\">Acceder<\/a><\/div><\/div><!-- .banner-wrap (end) --><\/section><\/div><div class=\"span4 \"><section class=\"lazy-load-box trigger effect-slidefromright \" data-delay=\"200\" data-speed=\"900\" style=\"-webkit-transition: all 900ms ease; -moz-transition: all 900ms ease; -ms-transition: all 900ms ease; -o-transition: all 900ms ease; transition: all 900ms ease;\"><div class=\"banner-wrap \"><figure class=\"featured-thumbnail\"><a href=\"http:\/\/www.rivistadma.org\/it\/\" title=\"Revista DMA\"><img decoding=\"async\" src=\"http:\/\/fmauru.org\/site\/wp-content\/uploads\/2017\/07\/dma.jpg\" title=\"Revista DMA\" alt=\"\" \/><\/a><\/figure><h5>Revista DMA<\/h5><p>La revista DMA es una de las m\u00e1s antiguas, catalogadas como formativas. Se inici\u00f3 en 1953, en Mil\u00e1n, por la intuici\u00f3n de Sor Lina Armellini, con el t\u00edtulo Notas salesianas de la vida del oratorio, para reforzar la praxis educativa y la acci\u00f3n catequ\u00e9tica de las FMA comprometidas en los oratorios. A partir de 1992, cambio a la actual Revista de las Hijas de Mar\u00eda Auxiliadora.<\/p><div class=\"link-align banner-btn\"><a href=\"http:\/\/www.rivistadma.org\/it\/\" title=\"Acceder\" class=\"btn btn-link\" target=\"_blank\">Acceder<\/a><\/div><\/div><!-- .banner-wrap (end) --><\/section><\/div><\/div><!-- .row (end) --><div class=\"row \"><div class=\"span8 \"><\/div><section class=\"lazy-load-box trigger effect-slideup \" data-delay=\"200\" data-speed=\"900\" style=\"-webkit-transition: all 900ms ease; -moz-transition: all 900ms ease; -ms-transition: all 900ms ease; -o-transition: all 900ms ease; transition: all 900ms ease;\"><div class=\"list unstyled \"><\/div>\n<\/section><\/div><!-- .row (end) -->\n<div class=\"row \"><\/div><!-- .row (end) -->\n<div class=\"span12 \"><section class=\"lazy-load-box trigger effect-fade \" data-delay=\"200\" data-speed=\"1300\" style=\"-webkit-transition: all 1300ms ease; -moz-transition: all 1300ms ease; -ms-transition: all 1300ms ease; -o-transition: all 1300ms ease; transition: all 1300ms ease;\">\n<div class=\"carousel-wrap list_1\"><div id=\"owl-carousel-69da0c1270e8b\" class=\"owl-carousel-post owl-carousel\" data-items=\"8\" data-auto-play=\"0\" data-nav=\"false\" data-pagination=\"false\"><div class=\"item format-aside item-list-0\"><figure><a href=\"https:\/\/fmauru.org\/site\/?p=3033\" title=\"Encuentro de los equipos directivos\"><img decoding=\"async\" src=\"https:\/\/fmauru.org\/site\/wp-content\/uploads\/2018\/08\/IMG_7649-293x221.jpg\" alt=\"Encuentro de los equipos directivos\" \/><\/a><\/figure><div class=\"desc\"><h5><a href=\"https:\/\/fmauru.org\/site\/?p=3033\" title=\"Encuentro de los equipos directivos\">Encuentro de los equipos directivos<\/a><\/h5><p class=\"excerpt\">En este s\u00e1bado 11 de&hellip;<\/p><\/div><\/div><div class=\"item format-link item-list-1\"><figure><a href=\"http:\/\/centrostudifma.pfse-auxilium.org\/it\/index.cfm\" title=\"Centro Studi FMA\"><img decoding=\"async\" src=\"https:\/\/fmauru.org\/site\/wp-content\/uploads\/2017\/07\/Centro_Studi_sulle_FMA.jpg\" alt=\"Centro Studi FMA\" \/><\/a><\/figure><div class=\"desc\"><h5><a href=\"http:\/\/centrostudifma.pfse-auxilium.org\/it\/index.cfm\" title=\"Centro Studi FMA\">Centro Studi FMA<\/a><\/h5><p class=\"excerpt\">Centro Studi FMA<\/p><\/div><\/div><div class=\"item format-link item-list-2\"><figure><a href=\"http:\/\/www.nonunodimeno.org\/index.php?lang=es\" title=\"Non uno di meno\"><img decoding=\"async\" src=\"https:\/\/fmauru.org\/site\/wp-content\/uploads\/2017\/07\/NON.jpg\" alt=\"Non uno di meno\" \/><\/a><\/figure><div class=\"desc\"><h5><a href=\"http:\/\/www.nonunodimeno.org\/index.php?lang=es\" title=\"Non uno di meno\">Non uno di meno<\/a><\/h5><p class=\"excerpt\">Non uno di meno<\/p><\/div><\/div><div class=\"item format-link item-list-3\"><figure><a href=\"http:\/\/www.vides.org\/\" title=\"Vides Internazionale\"><img decoding=\"async\" src=\"https:\/\/fmauru.org\/site\/wp-content\/uploads\/2017\/07\/VIDES.jpg\" alt=\"Vides Internazionale\" \/><\/a><\/figure><div class=\"desc\"><h5><a href=\"http:\/\/www.vides.org\/\" title=\"Vides Internazionale\">Vides Internazionale<\/a><\/h5><p class=\"excerpt\">El VIDES naci\u00f3 como una&hellip;<\/p><\/div><\/div><div class=\"item format-link item-list-4\"><figure><a href=\"https:\/\/es-la.facebook.com\/madre.generale.FMA\/\" title=\"Yvonne Reungoat\"><img decoding=\"async\" src=\"https:\/\/fmauru.org\/site\/wp-content\/uploads\/2017\/07\/yvonnes.png\" alt=\"Yvonne Reungoat\" \/><\/a><\/figure><div class=\"desc\"><h5><a href=\"https:\/\/es-la.facebook.com\/madre.generale.FMA\/\" title=\"Yvonne Reungoat\">Yvonne Reungoat<\/a><\/h5><p class=\"excerpt\">Yvonne Reungoat<\/p><\/div><\/div><div class=\"item format-link item-list-5\"><figure><a href=\"http:\/\/animazionemariana.blogspot.com.uy\/\" title=\"Animazione Mariana\"><img decoding=\"async\" src=\"https:\/\/fmauru.org\/site\/wp-content\/uploads\/2017\/07\/mariana.jpg\" alt=\"Animazione Mariana\" \/><\/a><\/figure><div class=\"desc\"><h5><a href=\"http:\/\/animazionemariana.blogspot.com.uy\/\" title=\"Animazione Mariana\">Animazione Mariana<\/a><\/h5><p class=\"excerpt\">Animazione Mariana<\/p><\/div><\/div><div class=\"item format-link item-list-6\"><figure><a href=\"http:\/\/www.iimageneva.org\/\" title=\"IIMA\"><img decoding=\"async\" src=\"https:\/\/fmauru.org\/site\/wp-content\/uploads\/2017\/07\/IIMA.jpg\" alt=\"IIMA\" \/><\/a><\/figure><div class=\"desc\"><h5><a href=\"http:\/\/www.iimageneva.org\/\" title=\"IIMA\">IIMA<\/a><\/h5><p class=\"excerpt\">IIMA<\/p><\/div><\/div><div class=\"item format-link item-list-7\"><figure><a href=\"http:\/\/www.exallievefma.org\/\" title=\"Exallieve\"><img decoding=\"async\" src=\"https:\/\/fmauru.org\/site\/wp-content\/uploads\/2017\/07\/exalieve.jpg\" alt=\"Exallieve\" \/><\/a><\/figure><div class=\"desc\"><h5><a href=\"http:\/\/www.exallievefma.org\/\" title=\"Exallieve\">Exallieve<\/a><\/h5><p class=\"excerpt\">Exallieve<\/p><\/div><\/div><\/div><\/div>\n<\/section><\/div>\n","protected":false},"excerpt":{"rendered":"&nbsp;","protected":false},"author":1,"featured_media":0,"parent":0,"menu_order":0,"comment_status":"open","ping_status":"closed","template":"page-home.php","meta":{"footnotes":""},"class_list":["post-203","page","type-page","status-publish","hentry","cat-39-id"],"_links":{"self":[{"href":"https:\/\/fmauru.org\/site\/index.php?rest_route=\/wp\/v2\/pages\/203","targetHints":{"allow":["GET"]}}],"collection":[{"href":"https:\/\/fmauru.org\/site\/index.php?rest_route=\/wp\/v2\/pages"}],"about":[{"href":"https:\/\/fmauru.org\/site\/index.php?rest_route=\/wp\/v2\/types\/page"}],"author":[{"embeddable":true,"href":"https:\/\/fmauru.org\/site\/index.php?rest_route=\/wp\/v2\/users\/1"}],"replies":[{"embeddable":true,"href":"https:\/\/fmauru.org\/site\/index.php?rest_route=%2Fwp%2Fv2%2Fcomments&post=203"}],"version-history":[{"count":195,"href":"https:\/\/fmauru.org\/site\/index.php?rest_route=\/wp\/v2\/pages\/203\/revisions"}],"predecessor-version":[{"id":3117,"href":"https:\/\/fmauru.org\/site\/index.php?rest_route=\/wp\/v2\/pages\/203\/revisions\/3117"}],"wp:attachment":[{"href":"https:\/\/fmauru.org\/site\/index.php?rest_route=%2Fwp%2Fv2%2Fmedia&parent=203"}],"curies":[{"name":"wp","href":"https:\/\/api.w.org\/{rel}","templated":true}]}}