{"id":2549,"date":"2017-09-08T23:33:14","date_gmt":"2017-09-09T02:33:14","guid":{"rendered":"https:\/\/fmauru.org\/site\/?page_id=2549"},"modified":"2018-01-24T15:51:55","modified_gmt":"2018-01-24T18:51:55","slug":"comunicacion","status":"publish","type":"page","link":"http:\/\/fmauru.org\/site\/?page_id=2549","title":{"rendered":"Comunicaci\u00f3n"},"content":{"rendered":"<p><img loading=\"lazy\" decoding=\"async\" class=\"alignleft wp-image-2662 size-medium\" src=\"http:\/\/fmauru.org\/site\/wp-content\/uploads\/2017\/09\/social-intelligence-300x182.jpg\" alt=\"\" width=\"300\" height=\"182\" srcset=\"http:\/\/fmauru.org\/site\/wp-content\/uploads\/2017\/09\/social-intelligence-300x182.jpg 300w, http:\/\/fmauru.org\/site\/wp-content\/uploads\/2017\/09\/social-intelligence.jpg 640w\" sizes=\"auto, (max-width: 300px) 100vw, 300px\" \/>El \u00e1mbito de la Comunicaci\u00f3n Social (CS) est\u00e1 comprometido en proponer a las comunidades educativas, en particular a las FMA, reflexiones, l\u00edneas de acci\u00f3n y orientaciones relativas a nuestro \u201cestar ah\u00ed\u201d en la sociedad de la comunicaci\u00f3n; en conexi\u00f3n con las realidades civiles, eclesiales, educativas interesadas en la comunicaci\u00f3n social.<\/p>\n<p>El \u00c1mbito act\u00faa como organismo atento a la incidencia del fen\u00f3meno comunicativo en las varias culturas y coordina la producci\u00f3n de materiales y publicaciones para el conocimiento del Instituto y para la animaci\u00f3n a nivel formativo, pastoral, misionero.<\/p>\n<p>Desde 2014 el \u00c1mbito est\u00e1 confiado a la animaci\u00f3n de\u00a0<a href=\"https:\/\/www.cgfmanet.org\/1.aspx?sez=3&amp;sotsez=11&amp;detSotSez=1&amp;doc=7&amp;Lingua=3\">S. Maria Helena Moreira<\/a>\u00a0que trabaja junto a un equipo de colaboradoras.<\/p>\n<p>En Uruguay esta integrado por la Hna Silvia Rodr\u00edguez, el sr Ignacio Villagr\u00e1n y la Hna Mar\u00eda Baffundo, responsable.<\/p>\n<p>Este equipo\u00a0 busca trabajar activamente motivando a las comunidades a ir creando sus espacios para darse a conocer y valorizar el aporte que cada comunidad tiene para entregar.<\/p>\n<p>Trabaja en sinton\u00eda con el Equipo de Comunicaci\u00f3n de la Cicsal, recibiendo y aportando propuestas que favorecen a las Provincias que las reciben, para una mejor comprensi\u00f3n y proyecci\u00f3n de los desaf\u00edos planteados en el \u00e1mbito.<\/p>\n","protected":false},"excerpt":{"rendered":"El \u00e1mbito de la Comunicaci\u00f3n Social (CS) est\u00e1 comprometido en proponer a las comunidades educativas, en particular a las FMA, reflexiones, l\u00edneas de acci\u00f3n y orientaciones relativas a nuestro \u201cestar ah\u00ed\u201d en la sociedad de la comunicaci\u00f3n; en conexi\u00f3n con las realidades civiles, eclesiales, educativas interesadas en la comunicaci\u00f3n social. El \u00c1mbito act\u00faa como organismo atento a la incidencia del fen\u00f3meno comunicativo en las varias culturas y coordina la producci\u00f3n de materiales y publicaciones para el conocimiento del Instituto y para la animaci\u00f3n a nivel formativo, pastoral, misionero. Desde 2014 el \u00c1mbito est\u00e1 confiado a la animaci\u00f3n de\u00a0S. Maria Helena&nbsp;<a href=\"http:\/\/fmauru.org\/site\/?page_id=2549\" class=\"read-more\">Seguir leyendo<\/a>","protected":false},"author":1,"featured_media":0,"parent":2376,"menu_order":0,"comment_status":"closed","ping_status":"closed","template":"","meta":{"footnotes":""},"class_list":["post-2549","page","type-page","status-publish","hentry"],"_links":{"self":[{"href":"http:\/\/fmauru.org\/site\/index.php?rest_route=\/wp\/v2\/pages\/2549","targetHints":{"allow":["GET"]}}],"collection":[{"href":"http:\/\/fmauru.org\/site\/index.php?rest_route=\/wp\/v2\/pages"}],"about":[{"href":"http:\/\/fmauru.org\/site\/index.php?rest_route=\/wp\/v2\/types\/page"}],"author":[{"embeddable":true,"href":"http:\/\/fmauru.org\/site\/index.php?rest_route=\/wp\/v2\/users\/1"}],"replies":[{"embeddable":true,"href":"http:\/\/fmauru.org\/site\/index.php?rest_route=%2Fwp%2Fv2%2Fcomments&post=2549"}],"version-history":[{"count":6,"href":"http:\/\/fmauru.org\/site\/index.php?rest_route=\/wp\/v2\/pages\/2549\/revisions"}],"predecessor-version":[{"id":2876,"href":"http:\/\/fmauru.org\/site\/index.php?rest_route=\/wp\/v2\/pages\/2549\/revisions\/2876"}],"up":[{"embeddable":true,"href":"http:\/\/fmauru.org\/site\/index.php?rest_route=\/wp\/v2\/pages\/2376"}],"wp:attachment":[{"href":"http:\/\/fmauru.org\/site\/index.php?rest_route=%2Fwp%2Fv2%2Fmedia&parent=2549"}],"curies":[{"name":"wp","href":"https:\/\/api.w.org\/{rel}","templated":true}]}}