{"id":2541,"date":"2017-09-08T23:32:01","date_gmt":"2017-09-09T02:32:01","guid":{"rendered":"https:\/\/fmauru.org\/site\/?page_id=2541"},"modified":"2018-04-16T15:58:31","modified_gmt":"2018-04-16T18:58:31","slug":"pastoral-juvenil","status":"publish","type":"page","link":"http:\/\/fmauru.org\/site\/?page_id=2541","title":{"rendered":"Pastoral Juvenil"},"content":{"rendered":"<p><img loading=\"lazy\" decoding=\"async\" class=\"alignnone size-medium wp-image-2597 aligncenter\" src=\"https:\/\/fmauru.org\/site\/wp-content\/uploads\/2017\/09\/IMG_20170422_162305_630-300x169.jpg\" alt=\"\" width=\"300\" height=\"169\" srcset=\"http:\/\/fmauru.org\/site\/wp-content\/uploads\/2017\/09\/IMG_20170422_162305_630-300x169.jpg 300w, http:\/\/fmauru.org\/site\/wp-content\/uploads\/2017\/09\/IMG_20170422_162305_630-768x432.jpg 768w, http:\/\/fmauru.org\/site\/wp-content\/uploads\/2017\/09\/IMG_20170422_162305_630-1024x576.jpg 1024w\" sizes=\"auto, (max-width: 300px) 100vw, 300px\" \/><\/p>\n<p>La pastoral juvenil es la realizaci\u00f3n inculturada de la misi\u00f3n educativa, don carism\u00e1tico expresado en la experiencia de don Bosco, de Mar\u00eda Mazzarello y en la tradici\u00f3n del Instituto. Es el modo t\u00edpico de\u00a0 expresar la atenci\u00f3n de la Iglesia hacia las j\u00f3venes generaciones, para que Cristo crezca en su coraz\u00f3n y se comprometan en una ciudadan\u00eda activa.<\/p>\n<p>La pastoral juvenil se coloca en el horizonte eclesial del anuncio del evangelio de la alegr\u00eda y de la dimensi\u00f3n social de la evangelizaci\u00f3n\u00a0 (Cf Evangelii Gaudium n. 176-258) en el mundo actual. Esto implica una conversi\u00f3n pastoral que se realiza cuando la comunidad educativa se pone a la escucha de la realidad, se abre al di\u00e1logo, se hace disponible a releer lo vivido a la luz del encuentro con Jes\u00fas y redescubre \u201clos j\u00f3venes, nuestra tierra santa\u201d (Cf Ampliad la mirada. Con los j\u00f3venes misioneras de esperaza y de alegr\u00eda. Actas del CG XXIII, Roma, Instituto FMA 2014, n. 29 y pag. 6<\/p>\n<p><a href=\"https:\/\/pgfma.wordpress.com\/\">BLOG<\/a>\u00a0(de la Pastoral Juvenil a Nivel Mundial)<\/p>\n<p style=\"text-align: center;\">PLAN DEL MJS DE URUGUAY<\/p>\n<p style=\"text-align: center;\">(Se trabaja en el MJS junto con los sdb)<\/p>\n<p><img loading=\"lazy\" decoding=\"async\" class=\"alignnone size-medium wp-image-2965 aligncenter\" src=\"http:\/\/fmauru.org\/site\/wp-content\/uploads\/2018\/04\/IMG_0714-300x225.png\" alt=\"\" width=\"300\" height=\"225\" srcset=\"http:\/\/fmauru.org\/site\/wp-content\/uploads\/2018\/04\/IMG_0714-300x225.png 300w, http:\/\/fmauru.org\/site\/wp-content\/uploads\/2018\/04\/IMG_0714-768x576.png 768w, http:\/\/fmauru.org\/site\/wp-content\/uploads\/2018\/04\/IMG_0714-1024x768.png 1024w, http:\/\/fmauru.org\/site\/wp-content\/uploads\/2018\/04\/IMG_0714-200x150.png 200w, http:\/\/fmauru.org\/site\/wp-content\/uploads\/2018\/04\/IMG_0714.png 2048w\" sizes=\"auto, (max-width: 300px) 100vw, 300px\" \/><\/p>\n<p><img loading=\"lazy\" decoding=\"async\" class=\"alignnone size-medium wp-image-2964 aligncenter\" src=\"http:\/\/fmauru.org\/site\/wp-content\/uploads\/2018\/04\/IMG_0713-300x225.png\" alt=\"\" width=\"300\" height=\"225\" srcset=\"http:\/\/fmauru.org\/site\/wp-content\/uploads\/2018\/04\/IMG_0713-300x225.png 300w, http:\/\/fmauru.org\/site\/wp-content\/uploads\/2018\/04\/IMG_0713-768x576.png 768w, http:\/\/fmauru.org\/site\/wp-content\/uploads\/2018\/04\/IMG_0713-1024x768.png 1024w, http:\/\/fmauru.org\/site\/wp-content\/uploads\/2018\/04\/IMG_0713-200x150.png 200w, http:\/\/fmauru.org\/site\/wp-content\/uploads\/2018\/04\/IMG_0713.png 2048w\" sizes=\"auto, (max-width: 300px) 100vw, 300px\" \/><\/p>\n<p><img loading=\"lazy\" decoding=\"async\" class=\"alignnone size-medium wp-image-2966 aligncenter\" src=\"http:\/\/fmauru.org\/site\/wp-content\/uploads\/2018\/04\/IMG_0943-300x225.png\" alt=\"\" width=\"300\" height=\"225\" srcset=\"http:\/\/fmauru.org\/site\/wp-content\/uploads\/2018\/04\/IMG_0943-300x225.png 300w, http:\/\/fmauru.org\/site\/wp-content\/uploads\/2018\/04\/IMG_0943-768x576.png 768w, http:\/\/fmauru.org\/site\/wp-content\/uploads\/2018\/04\/IMG_0943-1024x768.png 1024w, http:\/\/fmauru.org\/site\/wp-content\/uploads\/2018\/04\/IMG_0943-200x150.png 200w, http:\/\/fmauru.org\/site\/wp-content\/uploads\/2018\/04\/IMG_0943.png 2048w\" sizes=\"auto, (max-width: 300px) 100vw, 300px\" \/><\/p>\n<p><a href=\"http:\/\/fmauru.org\/site\/wp-content\/uploads\/2018\/04\/glosario.pdf\" target=\"_blank\" rel=\"noopener\">GLOSARIO<\/a>\u00a0( que facilita la comprensi\u00f3n de algunos t\u00e9rminos m\u00e1s usados)<\/p>\n","protected":false},"excerpt":{"rendered":"La pastoral juvenil es la realizaci\u00f3n inculturada de la misi\u00f3n educativa, don carism\u00e1tico expresado en la experiencia de don Bosco, de Mar\u00eda Mazzarello y en la tradici\u00f3n del Instituto. Es el modo t\u00edpico de\u00a0 expresar la atenci\u00f3n de la Iglesia hacia las j\u00f3venes generaciones, para que Cristo crezca en su coraz\u00f3n y se comprometan en una ciudadan\u00eda activa. La pastoral juvenil se coloca en el horizonte eclesial del anuncio del evangelio de la alegr\u00eda y de la dimensi\u00f3n social de la evangelizaci\u00f3n\u00a0 (Cf Evangelii Gaudium n. 176-258) en el mundo actual. Esto implica una conversi\u00f3n pastoral que se realiza cuando&nbsp;<a href=\"http:\/\/fmauru.org\/site\/?page_id=2541\" class=\"read-more\">Seguir leyendo<\/a>","protected":false},"author":1,"featured_media":0,"parent":2376,"menu_order":0,"comment_status":"closed","ping_status":"closed","template":"","meta":{"footnotes":""},"class_list":["post-2541","page","type-page","status-publish","hentry"],"_links":{"self":[{"href":"http:\/\/fmauru.org\/site\/index.php?rest_route=\/wp\/v2\/pages\/2541","targetHints":{"allow":["GET"]}}],"collection":[{"href":"http:\/\/fmauru.org\/site\/index.php?rest_route=\/wp\/v2\/pages"}],"about":[{"href":"http:\/\/fmauru.org\/site\/index.php?rest_route=\/wp\/v2\/types\/page"}],"author":[{"embeddable":true,"href":"http:\/\/fmauru.org\/site\/index.php?rest_route=\/wp\/v2\/users\/1"}],"replies":[{"embeddable":true,"href":"http:\/\/fmauru.org\/site\/index.php?rest_route=%2Fwp%2Fv2%2Fcomments&post=2541"}],"version-history":[{"count":6,"href":"http:\/\/fmauru.org\/site\/index.php?rest_route=\/wp\/v2\/pages\/2541\/revisions"}],"predecessor-version":[{"id":2968,"href":"http:\/\/fmauru.org\/site\/index.php?rest_route=\/wp\/v2\/pages\/2541\/revisions\/2968"}],"up":[{"embeddable":true,"href":"http:\/\/fmauru.org\/site\/index.php?rest_route=\/wp\/v2\/pages\/2376"}],"wp:attachment":[{"href":"http:\/\/fmauru.org\/site\/index.php?rest_route=%2Fwp%2Fv2%2Fmedia&parent=2541"}],"curies":[{"name":"wp","href":"https:\/\/api.w.org\/{rel}","templated":true}]}}